{"id":25,"date":"2026-01-12T20:55:35","date_gmt":"2026-01-12T19:55:35","guid":{"rendered":"https:\/\/www.jungenturnen.de\/?page_id=25"},"modified":"2026-04-12T18:15:09","modified_gmt":"2026-04-12T16:15:09","slug":"anmeldung","status":"publish","type":"page","link":"https:\/\/www.jungenturnen.de\/index.php\/anmeldung\/","title":{"rendered":"Anmeldung"},"content":{"rendered":"\n<p>\u00dcber das nachfolgende Formular k\u00f6nnen Sie Ihr Kind zum Jungenturnen des SV Pattonville anmelden. Bitte haben Sie Verst\u00e4ndnis daf\u00fcr, dass die Best\u00e4tigung Ihrer Anmeldung bis zu einen Tag dauern kann.<\/p>\n\n\n\n<div class=\"forminator-guttenberg\"><div class=\"forminator-ui forminator-custom-form forminator-custom-form-166 forminator-design--default  forminator_ajax\" data-forminator-render=\"0\" data-form=\"forminator-module-166\" data-uid=\"69e35fecefc39\"><br\/><\/div><form\n\t\t\t\tid=\"forminator-module-166\"\n\t\t\t\tclass=\"forminator-ui forminator-custom-form forminator-custom-form-166 forminator-design--default  forminator_ajax\"\n\t\t\t\tmethod=\"post\"\n\t\t\t\tdata-forminator-render=\"0\"\n\t\t\t\tdata-form-id=\"166\"\n\t\t\t\tenctype=\"multipart\/form-data\" data-color-option=\"theme\" data-design=\"default\" data-grid=\"open\" style=\"display: none;\"\n\t\t\t\tdata-uid=\"69e35fecefc39\"\n\t\t\t><div role=\"alert\" aria-live=\"polite\" class=\"forminator-response-message forminator-error\" aria-hidden=\"true\"><\/div><div class=\"forminator-row\"><div id=\"section-1\" class=\"forminator-field-section forminator-col forminator-col-12 \"><div class=\"forminator-field\"><h2 class=\"forminator-title\">Teilnehmerinformation<\/h2><h3 class=\"forminator-subtitle\">Daten zum Kind<\/h3><\/div><\/div><\/div><div class=\"forminator-row\"><div id=\"name-1\" class=\"forminator-field-name forminator-col forminator-col-6 \"><div class=\"forminator-field\"><label for=\"forminator-field-name-1_69e35fecefc39\" id=\"forminator-field-name-1_69e35fecefc39-label\" class=\"forminator-label\">Vorname <span class=\"forminator-required\">*<\/span><\/label><span id=\"forminator-field-name-1_69e35fecefc39-description\" class=\"forminator-description\">Bitte tragen Sie hier den Vornamen des Kindes ein.<\/span><input type=\"text\" name=\"name-1\" value=\"\" placeholder=\"\" id=\"forminator-field-name-1_69e35fecefc39\" class=\"forminator-input forminator-name--field\" aria-required=\"true\" autocomplete=\"name\" aria-describedby=\"forminator-field-name-1_69e35fecefc39-description\" \/><\/div><\/div><div id=\"name-2\" class=\"forminator-field-name forminator-col forminator-col-6 \"><div class=\"forminator-field\"><label for=\"forminator-field-name-2_69e35fecefc39\" id=\"forminator-field-name-2_69e35fecefc39-label\" class=\"forminator-label\">Nachname <span class=\"forminator-required\">*<\/span><\/label><span id=\"forminator-field-name-2_69e35fecefc39-description\" class=\"forminator-description\">Bitte tragen Sie hier den Nachnamen des Kindes ein.<\/span><input type=\"text\" name=\"name-2\" value=\"\" placeholder=\"\" id=\"forminator-field-name-2_69e35fecefc39\" class=\"forminator-input forminator-name--field\" aria-required=\"true\" autocomplete=\"name\" aria-describedby=\"forminator-field-name-2_69e35fecefc39-description\" \/><\/div><\/div><\/div><div class=\"forminator-row\"><div id=\"text-1\" class=\"forminator-field-text forminator-col forminator-col-6 \"><div class=\"forminator-field\"><label for=\"forminator-field-text-1_69e35fecefc39\" id=\"forminator-field-text-1_69e35fecefc39-label\" class=\"forminator-label\">Geburtsdatum <span class=\"forminator-required\">*<\/span><\/label><span id=\"forminator-field-text-1_69e35fecefc39-description\" class=\"forminator-description\">Bitte geben Sie hier das Geburtsdatum des Kindes an.<\/span><input type=\"text\" name=\"text-1\" value=\"\" placeholder=\"TT.MM.JJJJ\" id=\"forminator-field-text-1_69e35fecefc39\" class=\"forminator-input forminator-name--field\" data-required=\"1\" aria-describedby=\"forminator-field-text-1_69e35fecefc39-description\" \/><\/div><\/div><div id=\"select-1\" class=\"forminator-field-select forminator-col forminator-col-6 \"><div class=\"forminator-field\"><label for=\"forminator-form-166__field--select-1_69e35fecefc39\" id=\"forminator-form-166__field--select-1_69e35fecefc39-label\" class=\"forminator-label\">Geschlecht <span class=\"forminator-required\">*<\/span><\/label><span id=\"forminator-form-166__field--select-1_69e35fecefc39-description\" class=\"forminator-description\">Bitte w\u00e4hlen Sie hier das Geschlecht des Kindes aus.<\/span><select  id=\"forminator-form-166__field--select-1_69e35fecefc39\" class=\"forminator-select--field forminator-select2 forminator-select2-multiple\" data-required=\"1\" name=\"select-1\" data-default-value=\"one\" data-hidden-behavior=\"zero\" data-placeholder=\"Bitte w\u00e4hle eine Option aus\" data-search=\"false\" data-search-placeholder=\"Bitte w\u00e4hle eine Option aus\" data-checkbox=\"false\" data-allow-clear=\"false\" aria-labelledby=\"forminator-form-166__field--select-1_69e35fecefc39-label\" aria-describedby=\"forminator-form-166__field--select-1_69e35fecefc39-description\"><option value=\"\"  >Bitte w\u00e4hle eine Option aus<\/option><option value=\"one\" selected=\"selected\" data-calculation=\"0\">Junge<\/option><option value=\"two\"  data-calculation=\"0\">M\u00e4dchen<\/option><option value=\"Divers\"  data-calculation=\"0\">Divers<\/option><\/select><\/div><\/div><\/div><div class=\"forminator-row\"><div id=\"radio-1\" class=\"forminator-field-radio forminator-col forminator-col-12 \"><div role=\"radiogroup\" class=\"forminator-field\" aria-labelledby=\"forminator-radiogroup-radio-1-69e35fecefc39-label\" aria-describedby=\"forminator-radiogroup-radio-1-69e35fecefc39-description\"><span id=\"forminator-radiogroup-radio-1-69e35fecefc39-label\" class=\"forminator-label\">Mitgliedschaftsstatus <span class=\"forminator-required\">*<\/span><\/span><span id=\"forminator-radiogroup-radio-1-69e35fecefc39-description\" class=\"forminator-description\">Existiert bereits eine g\u00fcltige Mitgliedschaft?<\/span><label id=\"forminator-field-radio-1-label-1\" for=\"forminator-field-radio-1-1-69e35fecefc39\" class=\"forminator-radio\" title=\"Kein Mitglied\"><input type=\"radio\" name=\"radio-1\" value=\"Kein-Mitglied\" id=\"forminator-field-radio-1-1-69e35fecefc39\" aria-labelledby=\"forminator-field-radio-1-label-1\" data-calculation=\"0\" checked=\"checked\"  data-hidden-behavior=\"zero\" aria-describedby=\"forminator-field-radio-1-69e35fecefc39-description\"\/><span class=\"forminator-radio-bullet\" aria-hidden=\"true\"><\/span><span class=\"forminator-radio-label\">Kein Mitglied<\/span><\/label><label id=\"forminator-field-radio-1-label-2\" for=\"forminator-field-radio-1-2-69e35fecefc39\" class=\"forminator-radio\" title=\"Mitglied im SV Pattonville\"><input type=\"radio\" name=\"radio-1\" value=\"one\" id=\"forminator-field-radio-1-2-69e35fecefc39\" aria-labelledby=\"forminator-field-radio-1-label-2\" data-calculation=\"0\"   data-hidden-behavior=\"zero\" aria-describedby=\"forminator-field-radio-1-69e35fecefc39-description\"\/><span class=\"forminator-radio-bullet\" aria-hidden=\"true\"><\/span><span class=\"forminator-radio-label\">Mitglied im SV Pattonville<\/span><\/label><label id=\"forminator-field-radio-1-label-3\" for=\"forminator-field-radio-1-3-69e35fecefc39\" class=\"forminator-radio\" title=\"Mitglied in der Kindersportschule Kornwestheim\"><input type=\"radio\" name=\"radio-1\" value=\"two\" id=\"forminator-field-radio-1-3-69e35fecefc39\" aria-labelledby=\"forminator-field-radio-1-label-3\" data-calculation=\"0\"   data-hidden-behavior=\"zero\" aria-describedby=\"forminator-field-radio-1-69e35fecefc39-description\"\/><span class=\"forminator-radio-bullet\" aria-hidden=\"true\"><\/span><span class=\"forminator-radio-label\">Mitglied in der Kindersportschule Kornwestheim<\/span><\/label><\/div><\/div><\/div><div class=\"forminator-row\"><div id=\"section-2\" class=\"forminator-field-section forminator-col forminator-col-12 \"><div class=\"forminator-field\"><h2 class=\"forminator-title\">Ansprechpartner<\/h2><h3 class=\"forminator-subtitle\">Elternkontakt<\/h3><\/div><\/div><\/div><div class=\"forminator-row\"><div id=\"radio-2\" class=\"forminator-field-radio forminator-col forminator-col-12 \"><div role=\"radiogroup\" class=\"forminator-field\" aria-labelledby=\"forminator-radiogroup-radio-2-69e35fecefc39-label\" aria-describedby=\"forminator-radiogroup-radio-2-69e35fecefc39-description\"><span id=\"forminator-radiogroup-radio-2-69e35fecefc39-label\" class=\"forminator-label\">Anrede <span class=\"forminator-required\">*<\/span><\/span><span id=\"forminator-radiogroup-radio-2-69e35fecefc39-description\" class=\"forminator-description\">Wie m\u00f6chten Sie angesprochen werden?<\/span><label id=\"forminator-field-radio-2-label-1\" for=\"forminator-field-radio-2-1-69e35fecefc39\" class=\"forminator-radio\" title=\"Herr\"><input type=\"radio\" name=\"radio-2\" value=\"one\" id=\"forminator-field-radio-2-1-69e35fecefc39\" aria-labelledby=\"forminator-field-radio-2-label-1\" data-calculation=\"0\"   data-hidden-behavior=\"zero\" aria-describedby=\"forminator-field-radio-2-69e35fecefc39-description\"\/><span class=\"forminator-radio-bullet\" aria-hidden=\"true\"><\/span><span class=\"forminator-radio-label\">Herr<\/span><\/label><label id=\"forminator-field-radio-2-label-2\" for=\"forminator-field-radio-2-2-69e35fecefc39\" class=\"forminator-radio\" title=\"Frau\"><input type=\"radio\" name=\"radio-2\" value=\"two\" id=\"forminator-field-radio-2-2-69e35fecefc39\" aria-labelledby=\"forminator-field-radio-2-label-2\" data-calculation=\"0\"   data-hidden-behavior=\"zero\" aria-describedby=\"forminator-field-radio-2-69e35fecefc39-description\"\/><span class=\"forminator-radio-bullet\" aria-hidden=\"true\"><\/span><span class=\"forminator-radio-label\">Frau<\/span><\/label><\/div><\/div><\/div><div class=\"forminator-row\"><div id=\"name-3\" class=\"forminator-field-name forminator-col forminator-col-12 \"><div class=\"forminator-field\"><label for=\"forminator-field-name-3_69e35fecefc39\" id=\"forminator-field-name-3_69e35fecefc39-label\" class=\"forminator-label\">Name <span class=\"forminator-required\">*<\/span><\/label><span id=\"forminator-field-name-3_69e35fecefc39-description\" class=\"forminator-description\">Wie hei\u00dfen Sie mit Namen?<\/span><input type=\"text\" name=\"name-3\" value=\"\" placeholder=\"\" id=\"forminator-field-name-3_69e35fecefc39\" class=\"forminator-input forminator-name--field\" aria-required=\"true\" autocomplete=\"name\" aria-describedby=\"forminator-field-name-3_69e35fecefc39-description\" \/><\/div><\/div><\/div><div class=\"forminator-row\"><div id=\"email-1\" class=\"forminator-field-email forminator-col forminator-col-12 \"><div class=\"forminator-field\"><label for=\"forminator-field-email-1_69e35fecefc39\" id=\"forminator-field-email-1_69e35fecefc39-label\" class=\"forminator-label\">E-Mail-Adresse <span class=\"forminator-required\">*<\/span><\/label><span id=\"forminator-field-email-1_69e35fecefc39-description\" class=\"forminator-description\">Unter welcher E-Mail-Adresse d\u00fcrfen wie Sie kontaktieren?<\/span><input type=\"email\" name=\"email-1\" value=\"\" placeholder=\"\" id=\"forminator-field-email-1_69e35fecefc39\" class=\"forminator-input forminator-email--field\" data-required=\"1\" aria-required=\"true\" autocomplete=\"email\" aria-describedby=\"forminator-field-email-1_69e35fecefc39-description\" \/><\/div><\/div><\/div><div class=\"forminator-row\"><div id=\"text-2\" class=\"forminator-field-text forminator-col forminator-col-12 \"><div class=\"forminator-field\"><label for=\"forminator-field-text-2_69e35fecefc39\" id=\"forminator-field-text-2_69e35fecefc39-label\" class=\"forminator-label\">Telefonnummer (optional)<\/label><span id=\"forminator-field-text-2_69e35fecefc39-description\" class=\"forminator-description\">Unter welcher Telefonnummer sind Sie bei Bedarf erreichbar?<\/span><input type=\"text\" name=\"text-2\" value=\"\" placeholder=\"\" id=\"forminator-field-text-2_69e35fecefc39\" class=\"forminator-input forminator-name--field\" data-required=\"\" aria-describedby=\"forminator-field-text-2_69e35fecefc39-description\" \/><\/div><\/div><\/div><div class=\"forminator-row\"><div id=\"textarea-1\" class=\"forminator-field-textarea forminator-col forminator-col-12 \"><div class=\"forminator-field\"><label for=\"forminator-field-textarea-1_69e35fecefc39\" id=\"forminator-field-textarea-1_69e35fecefc39-label\" class=\"forminator-label\">Anschrift (optional)<\/label><span id=\"forminator-field-textarea-1_69e35fecefc39-description\" class=\"forminator-description\">Unter welcher Anschrift k\u00f6nnen wir Sie erreichen?<\/span><textarea name=\"textarea-1\" placeholder=\"\" id=\"forminator-field-textarea-1_69e35fecefc39\" class=\"forminator-textarea\" rows=\"6\" style=\"min-height:60px;\" aria-describedby=\"forminator-field-textarea-1_69e35fecefc39-description\" ><\/textarea><\/div><\/div><\/div><div class=\"forminator-row\"><div id=\"section-3\" class=\"forminator-field-section forminator-col forminator-col-12 \"><div class=\"forminator-field\"><h2 class=\"forminator-title\">Sonstiges<\/h2><\/div><\/div><\/div><div class=\"forminator-row\"><div id=\"textarea-2\" class=\"forminator-field-textarea forminator-col forminator-col-12 \"><div class=\"forminator-field\"><label for=\"forminator-field-textarea-2_69e35fecefc39\" id=\"forminator-field-textarea-2_69e35fecefc39-label\" class=\"forminator-label\">Anmerkungen, Hinweise und Fragen (optional)<\/label><span id=\"forminator-field-textarea-2_69e35fecefc39-description\" class=\"forminator-description\">Hier ist Platz f\u00fcr Ihre Anmerkungen, Hinweise und Fragen.<\/span><textarea name=\"textarea-2\" placeholder=\"\" id=\"forminator-field-textarea-2_69e35fecefc39\" class=\"forminator-textarea\" rows=\"6\" style=\"min-height:280px;\" aria-describedby=\"forminator-field-textarea-2_69e35fecefc39-description\" ><\/textarea><\/div><\/div><\/div><div class=\"forminator-row\"><div id=\"upload-1\" class=\"forminator-field-upload forminator-col forminator-col-12 \"><div class=\"forminator-field\"><label for=\"forminator-field-upload-1_69e35fecefc39\" id=\"forminator-field-upload-1_69e35fecefc39-label\" class=\"forminator-label\">Datei als Anhang hochladen (optional)<\/label><span id=\"forminator-field-upload-1_69e35fecefc39-description\" class=\"forminator-description\">Hier k\u00f6nnen Sie bei Bedarf eine Datei beif\u00fcgen.<\/span><div class=\"forminator-file-upload \" data-element=\"upload-1_69e35fecefc39\" aria-describedby=\"forminator-field-upload-1_69e35fecefc39-description\"><input type=\"file\" name=\"upload-1\" id=\"forminator-field-upload-1_69e35fecefc39\" class=\"forminator-input-file\" accept=\".avif,.heif,.heics,.heifs,.txt,.asc,.c,.cc,.h,.srt,.csv,.tsv,.ics,.rtx,.vtt,.rtf,.class,.tar,.zip,.gz,.gzip,.7z,.xla,.xls,.xlt,.xlw,.xlsx,.xlsm,.xlsb,.xltx,.xltm,.xlam,.pptx,.pptm,.ppsx,.ppsm,.potx,.potm,.ppam,.sldx,.sldm,.ods,.key,.numbers,.png,.jpg,.jpeg,.jpe,.pdf\" tabindex=\"-1\"><button id=\"forminator-field-upload-1_69e35fecefc39_button\" class=\"forminator-button forminator-button-upload\" data-id=\"forminator-field-upload-1_69e35fecefc39\">Datei ausw\u00e4hlen<\/button><span data-empty-text=\"Keine Datei ausgew\u00e4hlt\">Keine Datei ausgew\u00e4hlt<\/span><button class=\"forminator-button-delete\" style=\"display: none;\"><i class=\"forminator-icon-close\" aria-hidden=\"true\"><\/i><span class=\"forminator-screen-reader-only\">Hochgeladene Datei l\u00f6schen<\/span><\/button><\/div><\/div><\/div><\/div><input type=\"hidden\" name=\"referer_url\" value=\"\" \/><div class=\"forminator-row forminator-row-last\"><div class=\"forminator-col\"><div class=\"forminator-field\"><button class=\"forminator-button forminator-button-submit\">Absenden<\/button><\/div><\/div><\/div><input type=\"hidden\" id=\"forminator_nonce\" name=\"forminator_nonce\" value=\"94914e9bc4\" \/><input type=\"hidden\" name=\"_wp_http_referer\" value=\"\/index.php\/wp-json\/wp\/v2\/pages\/25\" \/><input type=\"hidden\" name=\"form_id\" value=\"166\"><input type=\"hidden\" name=\"page_id\" value=\"25\"><input type=\"hidden\" name=\"form_type\" value=\"default\"><input type=\"hidden\" name=\"current_url\" value=\"https:\/\/www.jungenturnen.de\/index.php\/anmeldung\/\"><input type=\"hidden\" name=\"render_id\" value=\"0\"><input type=\"hidden\" name=\"action\" value=\"forminator_submit_form_custom-forms\"><\/form><\/div>\n\n\n<div class=\"wp-block-post-date__modified-date wp-block-post-date has-small-font-size\"><time datetime=\"2026-04-12T18:15:09+02:00\">Diese Seite wurde zuletzt aktualisiert am Sonntag, den 12. April 2026 um 18:15 Uhr durch Steffen May.<\/time><\/div>","protected":false},"excerpt":{"rendered":"<p>\u00dcber das nachfolgende Formular k\u00f6nnen Sie Ihr Kind zum Jungenturnen des SV Pattonville anmelden. Bitte haben Sie Verst\u00e4ndnis daf\u00fcr, dass die Best\u00e4tigung Ihrer Anmeldung bis zu einen Tag dauern kann.<\/p>\n","protected":false},"author":1,"featured_media":0,"parent":0,"menu_order":0,"comment_status":"closed","ping_status":"closed","template":"","meta":{"footnotes":""},"class_list":["post-25","page","type-page","status-publish","hentry"],"_links":{"self":[{"href":"https:\/\/www.jungenturnen.de\/index.php\/wp-json\/wp\/v2\/pages\/25","targetHints":{"allow":["GET"]}}],"collection":[{"href":"https:\/\/www.jungenturnen.de\/index.php\/wp-json\/wp\/v2\/pages"}],"about":[{"href":"https:\/\/www.jungenturnen.de\/index.php\/wp-json\/wp\/v2\/types\/page"}],"author":[{"embeddable":true,"href":"https:\/\/www.jungenturnen.de\/index.php\/wp-json\/wp\/v2\/users\/1"}],"replies":[{"embeddable":true,"href":"https:\/\/www.jungenturnen.de\/index.php\/wp-json\/wp\/v2\/comments?post=25"}],"version-history":[{"count":6,"href":"https:\/\/www.jungenturnen.de\/index.php\/wp-json\/wp\/v2\/pages\/25\/revisions"}],"predecessor-version":[{"id":354,"href":"https:\/\/www.jungenturnen.de\/index.php\/wp-json\/wp\/v2\/pages\/25\/revisions\/354"}],"wp:attachment":[{"href":"https:\/\/www.jungenturnen.de\/index.php\/wp-json\/wp\/v2\/media?parent=25"}],"curies":[{"name":"wp","href":"https:\/\/api.w.org\/{rel}","templated":true}]}}